{"id":14031,"date":"2017-10-13T12:48:28","date_gmt":"2017-10-13T15:48:28","guid":{"rendered":"https:\/\/fracht.com.br\/fracht-do-brasil\/"},"modified":"2024-04-24T13:00:40","modified_gmt":"2024-04-24T16:00:40","slug":"fracht-brazil","status":"publish","type":"page","link":"https:\/\/www.fracht.com.br\/en\/fracht-brazil\/","title":{"rendered":"Fracht Brazil"},"content":{"rendered":"<div class=\"wpb-content-wrapper\">[vc_row full_width=&#8221;stretch_row&#8221;][vc_column width=&#8221;1\/12&#8243;][\/vc_column][vc_column width=&#8221;7\/12&#8243;][vc_empty_space height=&#8221;90px&#8221; el_class=&#8221;norebro-phone-space&#8221;]<div class=\"norebro-heading-sc heading nor-heading-xs text-left\"\n\tid=\"norebro-custom-69d4df7a2ca82\" \n\t \n\t>\n\t\n\t\t\t<p class=\"subtitle\">\n\t\t\tAbout\t\t<\/p>\n\t\n\t\t\t<div class=\"divider\"><\/div>\n\t\n\t<h3 class=\"title subtitle-top\">\n\t\tWe are Fracht Brazil, part of the Fracht Group, a global logistics company founded in Switzerland in 1955.\t<\/h3>\n\n\t\n\t\t\n<\/div>[vc_empty_space height=&#8221;90px&#8221; el_class=&#8221;norebro-phone-space&#8221;][\/vc_column][vc_column width=&#8221;4\/12&#8243;][\/vc_column][\/vc_row][vc_row full_width=&#8221;stretch_row&#8221; content_placement=&#8221;middle&#8221; css=&#8221;.vc_custom_1709590473287{margin-bottom: 90px !important;}&#8221; el_class=&#8221;vc_hidden-sm vc_hidden-xs&#8221;][vc_column width=&#8221;1\/2&#8243;][vc_single_image image=&#8221;13708&#8243; img_size=&#8221;full&#8221; style=&#8221;vc_box_rounded&#8221; el_id=&#8221;imagemesquerda&#8221;][\/vc_column][vc_column width=&#8221;1\/2&#8243; css=&#8221;.vc_custom_1700163223523{padding-right: 30px !important;padding-left: 60px !important;}&#8221;]<div class=\"norebro-text-sc \" \n\tid=\"norebro-custom-69d4df7a2d500\" \n\t \n\t>\n\n\t<p><span style=\"font-weight: 400;\">Known as a global company capable of dealing with various complex logistics challenges, we are also able to provide exclusive solutions aligned with the regional characteristics of each project.<\/span><\/p>\n<p><span style=\"font-weight: 400;\">Our goal is to deliver an excellent, tailor made service, regardless of the size of your business.<\/span><\/p>\n<p><span style=\"color: #64cbf4;\"><b>In Brazil, we are recognized by our expertise in heavy, oversized, and complex cargo, as well as our ability to offer innovative logistics solutions.<\/b><\/span><\/p>\n<p><span style=\"font-weight: 400;\">We continue to evolve and adapt to the constant changes in the market, while maintaining our commitment to excellence in logistics and transportation.<\/span><\/p>\n\t\n<\/div>[\/vc_column][\/vc_row][vc_row full_width=&#8221;stretch_row&#8221; content_placement=&#8221;middle&#8221; css=&#8221;.vc_custom_1709590479418{margin-bottom: 90px !important;}&#8221; el_class=&#8221;vc_hidden-lg vc_hidden-md&#8221;][vc_column width=&#8221;1\/2&#8243;][vc_single_image image=&#8221;13708&#8243; img_size=&#8221;full&#8221; style=&#8221;vc_box_rounded&#8221;][vc_empty_space][\/vc_column][vc_column width=&#8221;1\/2&#8243;]<div class=\"norebro-text-sc \" \n\tid=\"norebro-custom-69d4df7a2d800\" \n\t \n\t>\n\n\t<p>Reconhecidos por ser uma empresa global capaz de lidar com v\u00e1rios desafios log\u00edsticos complexos, temos ao mesmo tempo a agilidade em atender aos nossos clientes de forma exclusiva alinhados \u00e0s caracter\u00edsticas regionais de cada projeto.<\/p>\n<p>Nosso objetivo \u00e9 fornecer um servi\u00e7o de excel\u00eancia, personalizado, independentemente do tamanho do seu neg\u00f3cio.<\/p>\n<p><span style=\"color: #64cbf4;\"><strong>No Brasil, somos reconhecidos por nossa experi\u00eancia em cargas pesadas, superdimensionadas e complexas, bem como nossa capacidade de oferecer solu\u00e7\u00f5es log\u00edsticas inovadoras.<\/strong><\/span><\/p>\n<p>Continuamos evoluindo e nos adaptando \u00e0s constantes evolu\u00e7\u00f5es do mercado, mantendo o compromisso com a excel\u00eancia na log\u00edstica e no transporte.<\/p>\n\t\n<\/div>[\/vc_column][\/vc_row][vc_row full_width=&#8221;stretch_row_content_no_spaces&#8221; equal_height=&#8221;yes&#8221;][vc_column width=&#8221;1\/3&#8243;]<div class=\"norebro-parallax-sc parallax\"\nid=\"norebro-custom-69d4df7a2e44e\"\ndata-parallax-bg=\"vertical\" \ndata-parallax-speed=\"1.0\">\n\t\n\t<div class=\"parallax-bg\"><\/div>\n\t<div class=\"parallax-content\">\n\t\t[vc_empty_space height=&#8221;50px&#8221;]<div class=\"norebro-text-sc \" \n\tid=\"norebro-custom-69d4df7a2f092\" \n\t \n\t>\n\n\t<p><a href=\"https:\/\/www.fracht.com.br\/wp-content\/uploads\/2023\/12\/helmet.svg\"><img loading=\"lazy\" decoding=\"async\" class=\"alignnone wp-image-13458\" role=\"img\" src=\"https:\/\/fracht.com.br\/wp-content\/uploads\/2023\/12\/helmet.svg\" alt=\"\" width=\"70\" height=\"70\" \/><\/a><\/p>\n\t\n<\/div><div class=\"norebro-heading-sc heading text-left\"\n\tid=\"norebro-custom-69d4df7a2f1ad\" \n\t \n\t>\n\t\n\t\t\t<p class=\"subtitle\">\n\t\t\tEngineering\t\t<\/p>\n\t\n\t\n\t<h3 class=\"title subtitle-top\">\n\t\tWe aim for the best, which is why we offer a complete engineering service for your cargo, optimizing routes and transportation modes through the intelligent use of technology with our partners.\t<\/h3>\n\n\t\n\t\t\n<\/div>\t<\/div>\n\n<\/div>[\/vc_column][vc_column width=&#8221;1\/3&#8243;]<div class=\"norebro-parallax-sc parallax\"\nid=\"norebro-custom-69d4df7a30a6d\"\ndata-parallax-bg=\"vertical\" \ndata-parallax-speed=\"1.0\">\n\t\n\t<div class=\"parallax-bg\"><\/div>\n\t<div class=\"parallax-content\">\n\t\t[vc_empty_space height=&#8221;50px&#8221;]<div class=\"norebro-text-sc \" \n\tid=\"norebro-custom-69d4df7a30c62\" \n\t \n\t>\n\n\t<p><img loading=\"lazy\" decoding=\"async\" class=\"alignnone wp-image-13460\" role=\"img\" src=\"https:\/\/www.fracht.com.br\/wp-content\/uploads\/2023\/12\/programming.svg\" alt=\"\" width=\"70\" height=\"70\" \/><\/p>\n\t\n<\/div><div class=\"norebro-heading-sc heading text-left\"\n\tid=\"norebro-custom-69d4df7a30d5c\" \n\t \n\t>\n\t\n\t\t\t<p class=\"subtitle\">\n\t\t\tProject Management\t\t<\/p>\n\t\n\t\n\t<h3 class=\"title subtitle-top\">\n\t\tWe understand the importance of process management and the impact that any delay has on the entire supply chain. That's why we offer an exclusive project management service.\t<\/h3>\n\n\t\n\t\t\n<\/div>\t<\/div>\n\n<\/div>[\/vc_column][vc_column width=&#8221;1\/3&#8243;]<div class=\"norebro-parallax-sc parallax\"\nid=\"norebro-custom-69d4df7a312d2\"\ndata-parallax-bg=\"vertical\" \ndata-parallax-speed=\"1.0\">\n\t\n\t<div class=\"parallax-bg\"><\/div>\n\t<div class=\"parallax-content\">\n\t\t[vc_empty_space height=&#8221;50px&#8221;]<div class=\"norebro-text-sc \" \n\tid=\"norebro-custom-69d4df7a31414\" \n\t \n\t>\n\n\t<p><img loading=\"lazy\" decoding=\"async\" class=\"alignnone wp-image-13454 \" role=\"img\" src=\"https:\/\/www.fracht.com.br\/wp-content\/uploads\/2023\/12\/safe.svg\" alt=\"\" width=\"70\" height=\"70\" \/><\/p>\n\t\n<\/div><div class=\"norebro-heading-sc heading text-left\"\n\tid=\"norebro-custom-69d4df7a314b0\" \n\t \n\t>\n\t\n\t\t\t<p class=\"subtitle\">\n\t\t\tSecurity\t\t<\/p>\n\t\n\t\n\t<h3 class=\"title subtitle-top\">\n\t\tAll the services we offer would mean nothing without proper compliance and security in processes and transport. Learn about our advantages and find out why you can trust Fracht.\t<\/h3>\n\n\t\n\t\t\n<\/div>\t<\/div>\n\n<\/div>[\/vc_column][\/vc_row]\n<\/div>","protected":false},"excerpt":{"rendered":"<p>[vc_row full_width=&#8221;stretch_row&#8221;][vc_column width=&#8221;1\/12&#8243;][\/vc_column][vc_column width=&#8221;7\/12&#8243;][vc_empty_space height=&#8221;90px&#8221; el_class=&#8221;norebro-phone-space&#8221;][vc_empty_space height=&#8221;90px&#8221; el_class=&#8221;norebro-phone-space&#8221;][\/vc_column][vc_column width=&#8221;4\/12&#8243;][\/vc_column][\/vc_row][vc_row full_width=&#8221;stretch_row&#8221; content_placement=&#8221;middle&#8221; css=&#8221;.vc_custom_1709590473287{margin-bottom: 90px !important;}&#8221;&#8230;<\/p>\n","protected":false},"author":1,"featured_media":0,"parent":0,"menu_order":0,"comment_status":"closed","ping_status":"closed","template":"","meta":{"_acf_changed":false,"footnotes":""},"class_list":["post-14031","page","type-page","status-publish","hentry"],"acf":[],"_links":{"self":[{"href":"https:\/\/www.fracht.com.br\/en\/wp-json\/wp\/v2\/pages\/14031","targetHints":{"allow":["GET"]}}],"collection":[{"href":"https:\/\/www.fracht.com.br\/en\/wp-json\/wp\/v2\/pages"}],"about":[{"href":"https:\/\/www.fracht.com.br\/en\/wp-json\/wp\/v2\/types\/page"}],"author":[{"embeddable":true,"href":"https:\/\/www.fracht.com.br\/en\/wp-json\/wp\/v2\/users\/1"}],"replies":[{"embeddable":true,"href":"https:\/\/www.fracht.com.br\/en\/wp-json\/wp\/v2\/comments?post=14031"}],"version-history":[{"count":0,"href":"https:\/\/www.fracht.com.br\/en\/wp-json\/wp\/v2\/pages\/14031\/revisions"}],"wp:attachment":[{"href":"https:\/\/www.fracht.com.br\/en\/wp-json\/wp\/v2\/media?parent=14031"}],"curies":[{"name":"wp","href":"https:\/\/api.w.org\/{rel}","templated":true}]}}