{"id":14034,"date":"2023-10-30T18:24:57","date_gmt":"2023-10-30T21:24:57","guid":{"rendered":"https:\/\/fracht.com.br\/fracht-do-brasil\/responsabilidade-social\/"},"modified":"2024-03-17T18:57:21","modified_gmt":"2024-03-17T21:57:21","slug":"social-responsibility","status":"publish","type":"page","link":"https:\/\/www.fracht.com.br\/en\/fracht-brazil\/social-responsibility\/","title":{"rendered":"Social Responsibility"},"content":{"rendered":"<div class=\"wpb-content-wrapper\">[vc_row full_width=&#8221;stretch_row&#8221; el_class=&#8221;align-center&#8221; css=&#8221;.vc_custom_1700167061110{background-color: #f9f9f9 !important;}&#8221;][vc_column width=&#8221;2\/3&#8243;][vc_empty_space height=&#8221;90px&#8221; el_class=&#8221;norebro-phone-space&#8221;]<div class=\"norebro-heading-sc heading nor-heading-xs text-left\"\n\tid=\"norebro-custom-6a00b1997fa15\" \n\t \n\t>\n\t\n\t\t\t<p class=\"subtitle\">\n\t\t\tLogistics and social responsibility\t\t<\/p>\n\t\n\t\t\t<div class=\"divider\"><\/div>\n\t\n\t<h3 class=\"title subtitle-top\">\n\t\tThe relationship between logistics and social responsibility is highly sensitive, since logistics has a major impact on the environment.\t<\/h3>\n\n\t\n\t\t\n<\/div>[vc_empty_space height=&#8221;45px&#8221; el_class=&#8221;norebro-phone-space&#8221;]<div class=\"norebro-text-sc \" \n\tid=\"norebro-custom-6a00b1997fb3d\" \n\t \n\t>\n\n\t<p>Therefore, it&#8217;s increasingly important to think about appropriate logistics solutions, not only to reduce the impact of the supply chain on the environment, but also to be responsible with the use of natural resources.<\/p>\n<p>As such, we engage on the following social responsibility initiatives:<\/p>\n\t\n<\/div><ul class=\"norebro-list-box-sc list-box  style-line\" \n\tid=\"norebro-custom-6a00b1997fbbd\"\n\t \n\t>\n\t\n\t\t\t\n\t\t\t\t<li>\n\t\t\t\t\t\t\t<h4 class=\"title\">NGOs support<\/h4>\n\t\t\t\t\t<\/li>\n\t\t\t\t<li>\n\t\t\t\t\t\t\t<h4 class=\"title\">Increasingly adhering to \"paperless\" work practices<\/h4>\n\t\t\t\t\t<\/li>\n\t\t\t\t<li>\n\t\t\t\t\t\t\t<h4 class=\"title\">ISO Certificate<\/h4>\n\t\t\t\t\t<\/li>\n\t\t\t\t<li>\n\t\t\t\t\t\t\t<h4 class=\"title\">Recycling initiatives with our teams, mainly on electronics and IT equipment<\/h4>\n\t\t\t\t\t<\/li>\n\t\t\n\t\n<\/ul>[vc_empty_space height=&#8221;90px&#8221; el_class=&#8221;norebro-phone-space&#8221;][\/vc_column][\/vc_row][vc_row content_placement=&#8221;middle&#8221; el_class=&#8221;align-center vc_hidden-sm vc_hidden-xs&#8221; css=&#8221;.vc_custom_1709589676726{padding-top: 12vh !important;padding-bottom: 12vh !important;}&#8221;][vc_column width=&#8221;1\/2&#8243; css=&#8221;.vc_custom_1700166527937{padding-top: 65px !important;padding-right: 95px !important;padding-bottom: 65px !important;padding-left: 95px !important;}&#8221; el_class=&#8221;indention-reset-top&#8221;]<div class=\"norebro-text-sc \" \n\tid=\"norebro-custom-6a00b1997fc59\" \n\t \n\t>\n\n\t<p>Fracht Group Brazil donated 4 computers to CEI S\u00e3o Jos\u00e9, an Early Childhood Education Center which provides full-time care to children from underprivileged families aged 2 to 5, in the Sa\u00fade district of S\u00e3o Paulo.<\/p>\n<p><strong>For more information about our actions, please contact us.<\/strong><\/p>\n\t\n<\/div>[vc_separator color=&#8221;custom&#8221; align=&#8221;align_left&#8221; border_width=&#8221;4&#8243; el_width=&#8221;50&#8243; accent_color=&#8221;#64cbf4&#8243; css=&#8221;.vc_custom_1705418428174{padding-top: 30px !important;}&#8221;][\/vc_column][vc_column width=&#8221;1\/2&#8243;][vc_gallery interval=&#8221;5&#8243; images=&#8221;13665,13664&#8243; img_size=&#8221;full&#8221;][\/vc_column][\/vc_row][vc_row full_width=&#8221;stretch_row_content_no_spaces&#8221; equal_height=&#8221;yes&#8221; el_class=&#8221;padding-reset-left padding-reset-right padding-reset-top padding-reset-bottom vc_hidden-sm vc_hidden-xs&#8221;][vc_column width=&#8221;2\/3&#8243; el_id=&#8221;imagemtotal&#8221;][vc_single_image image=&#8221;13661&#8243; img_size=&#8221;full&#8221;][\/vc_column][vc_column width=&#8221;1\/3&#8243; css=&#8221;.vc_custom_1700166527937{padding-top: 65px !important;padding-right: 95px !important;padding-bottom: 65px !important;padding-left: 95px !important;}&#8221; el_class=&#8221;indention-reset-top&#8221;]<div class=\"norebro-text-sc \" \n\tid=\"norebro-custom-6a00b1997fcde\" \n\t \n\t>\n\n\t<p>We think about sustainability, but also about creating effective partnerships with everyone who works with us.<\/p>\n<p>We want to bring benefits to the planet and to people, while improving our performance.<\/p>\n<p><strong>For more information about our actions, please contact us.<\/strong><\/p>\n\t\n<\/div>[vc_empty_space height=&#8221;30px&#8221; el_class=&#8221;norebro-phone-space&#8221;]<div class=\"norebro-button-sc btn-wrap text-left\" \n\tid=\"norebro-custom-6a00b1997fd5e\"\n\t \n\t>\n\n\t<a href=\"https:\/\/fracht.com.br\/en\/contact\/\" class=\"btn  btn-outline\" target=\"_blank\" rel=\"noopener\">\n\n\t\t\n\t\t\n\t\t<span class=\"text\">\n\t\t\tCONTACT US\t\t<\/span>\n\n\t\t\n\t\t\n\t\t\t<\/a>\n\n<\/div>[\/vc_column][\/vc_row][vc_row content_placement=&#8221;middle&#8221; el_class=&#8221;align-center vc_hidden-lg vc_hidden-md&#8221; css=&#8221;.vc_custom_1709589985330{padding-top: 6vh !important;}&#8221;][vc_column el_class=&#8221;indention-reset-top&#8221;][vc_separator color=&#8221;custom&#8221; align=&#8221;align_left&#8221; border_width=&#8221;4&#8243; el_width=&#8221;50&#8243; accent_color=&#8221;#64cbf4&#8243; css=&#8221;.vc_custom_1705418428174{padding-top: 30px !important;}&#8221;][vc_empty_space height=&#8221;30px&#8221; el_class=&#8221;norebro-phone-space&#8221;]<div class=\"norebro-text-sc \" \n\tid=\"norebro-custom-6a00b1997fe13\" \n\t \n\t>\n\n\t<p>A Fracht Group Brazil fez a doa\u00e7\u00e3o de 4 computadores no CEI S\u00e3o Jos\u00e9, Centro de Educa\u00e7\u00e3o Infantil que atende crian\u00e7as de fam\u00edlias carentes de 02 a 05 anos em per\u00edodo integral, no bairro da Sa\u00fade em S\u00e3o Paulo.<\/p>\n<p><strong>Para mais informa\u00e7\u00f5es sobre nossas a\u00e7\u00f5es, entre em contato.<\/strong><\/p>\n\t\n<\/div>[vc_separator color=&#8221;custom&#8221; align=&#8221;align_left&#8221; border_width=&#8221;4&#8243; el_width=&#8221;50&#8243; accent_color=&#8221;#64cbf4&#8243; css=&#8221;.vc_custom_1705418428174{padding-top: 30px !important;}&#8221;][vc_empty_space height=&#8221;30px&#8221; el_class=&#8221;norebro-phone-space&#8221;][vc_gallery interval=&#8221;5&#8243; images=&#8221;13665,13664&#8243; img_size=&#8221;full&#8221;][\/vc_column][\/vc_row][vc_row full_width=&#8221;stretch_row_content_no_spaces&#8221; equal_height=&#8221;yes&#8221; el_class=&#8221;padding-reset-left padding-reset-right padding-reset-top padding-reset-bottom vc_hidden-lg vc_hidden-md&#8221;][vc_column][vc_single_image image=&#8221;13661&#8243; img_size=&#8221;full&#8221; el_id=&#8221;responsabilidade&#8221;][\/vc_column][\/vc_row][vc_row equal_height=&#8221;yes&#8221; el_class=&#8221;vc_hidden-lg vc_hidden-md&#8221;][vc_column el_class=&#8221;indention-reset-top&#8221;]<div class=\"norebro-text-sc \" \n\tid=\"norebro-custom-6a00b1997fe7c\" \n\t \n\t>\n\n\t<p>Pensamos em sustentabilidade, mas tamb\u00e9m na parceria com todos os que trabalham conosco.<\/p>\n<p>Queremos trazer benef\u00edcios ao planeta e \u00e0s pessoas, sem deixar de melhorar nossa performance.<\/p>\n<p><strong>Para mais informa\u00e7\u00f5es sobre nossas a\u00e7\u00f5es, entre em contato.<\/strong><\/p>\n\t\n<\/div>[vc_empty_space height=&#8221;10px&#8221; el_class=&#8221;norebro-phone-space&#8221;]<div class=\"norebro-button-sc btn-wrap text-left\" \n\tid=\"norebro-custom-6a00b1997fef8\"\n\t \n\t>\n\n\t<a href=\"\/contato\/\" \n\t\tclass=\"btn  btn-outline\">\n\n\t\t\n\t\t\n\t\t<span class=\"text\">\n\t\t\tFALE CONOSCO\t\t<\/span>\n\n\t\t\n\t\t\n\t\t\t<\/a>\n\n<\/div>[vc_empty_space height=&#8221;30px&#8221; el_class=&#8221;norebro-phone-space&#8221;][\/vc_column][\/vc_row]\n<\/div>","protected":false},"excerpt":{"rendered":"<p>[vc_row full_width=&#8221;stretch_row&#8221; el_class=&#8221;align-center&#8221; css=&#8221;.vc_custom_1700167061110{background-color: #f9f9f9 !important;}&#8221;][vc_column width=&#8221;2\/3&#8243;][vc_empty_space height=&#8221;90px&#8221; el_class=&#8221;norebro-phone-space&#8221;][vc_empty_space height=&#8221;45px&#8221; el_class=&#8221;norebro-phone-space&#8221;][vc_empty_space height=&#8221;90px&#8221; el_class=&#8221;norebro-phone-space&#8221;][\/vc_column][\/vc_row][vc_row content_placement=&#8221;middle&#8221;&#8230;<\/p>\n","protected":false},"author":1,"featured_media":0,"parent":14031,"menu_order":0,"comment_status":"closed","ping_status":"closed","template":"","meta":{"_acf_changed":false,"footnotes":""},"class_list":["post-14034","page","type-page","status-publish","hentry"],"acf":[],"_links":{"self":[{"href":"https:\/\/www.fracht.com.br\/en\/wp-json\/wp\/v2\/pages\/14034","targetHints":{"allow":["GET"]}}],"collection":[{"href":"https:\/\/www.fracht.com.br\/en\/wp-json\/wp\/v2\/pages"}],"about":[{"href":"https:\/\/www.fracht.com.br\/en\/wp-json\/wp\/v2\/types\/page"}],"author":[{"embeddable":true,"href":"https:\/\/www.fracht.com.br\/en\/wp-json\/wp\/v2\/users\/1"}],"replies":[{"embeddable":true,"href":"https:\/\/www.fracht.com.br\/en\/wp-json\/wp\/v2\/comments?post=14034"}],"version-history":[{"count":0,"href":"https:\/\/www.fracht.com.br\/en\/wp-json\/wp\/v2\/pages\/14034\/revisions"}],"up":[{"embeddable":true,"href":"https:\/\/www.fracht.com.br\/en\/wp-json\/wp\/v2\/pages\/14031"}],"wp:attachment":[{"href":"https:\/\/www.fracht.com.br\/en\/wp-json\/wp\/v2\/media?parent=14034"}],"curies":[{"name":"wp","href":"https:\/\/api.w.org\/{rel}","templated":true}]}}